{"id":355,"date":"2022-07-23T20:17:34","date_gmt":"2022-07-23T17:17:34","guid":{"rendered":"http:\/\/euromax.com.az\/?page_id=355"},"modified":"2023-05-25T18:25:02","modified_gmt":"2023-05-25T15:25:02","slug":"%d0%ba%d0%be%d0%bd%d1%82%d0%b0%d0%ba%d1%82%d1%8b","status":"publish","type":"page","link":"https:\/\/euromax.com.az\/?page_id=355","title":{"rendered":"Biziml\u0259 \u018flaq\u0259"},"content":{"rendered":"\t\t<div data-elementor-type=\"wp-page\" data-elementor-id=\"355\" class=\"elementor elementor-355\">\n\t\t\t\t\t\t\t\t\t<section class=\"elementor-section elementor-top-section elementor-element elementor-element-ec53286 elementor-section-stretched elementor-section-boxed elementor-section-height-default elementor-section-height-default\" data-id=\"ec53286\" data-element_type=\"section\" data-settings=\"{&quot;background_background&quot;:&quot;classic&quot;,&quot;stretch_section&quot;:&quot;section-stretched&quot;}\">\n\t\t\t\t\t\t<div class=\"elementor-container elementor-column-gap-default\">\n\t\t\t\t\t<div class=\"elementor-column elementor-col-33 elementor-top-column elementor-element elementor-element-a9e8fd2 animated-slow\" data-id=\"a9e8fd2\" data-element_type=\"column\" data-settings=\"{&quot;animation&quot;:&quot;none&quot;,&quot;animation_delay&quot;:1900,&quot;background_background&quot;:&quot;classic&quot;}\">\n\t\t\t<div class=\"elementor-widget-wrap elementor-element-populated\">\n\t\t\t\t\t\t\t\t<div class=\"elementor-element elementor-element-cdfb0f1 elementor-nav-menu__align-center elementor-nav-menu__text-align-center elementor-nav-menu--dropdown-tablet elementor-widget elementor-widget-nav-menu\" data-id=\"cdfb0f1\" data-element_type=\"widget\" data-settings=\"{&quot;submenu_icon&quot;:{&quot;value&quot;:&quot;&lt;i class=\\&quot;\\&quot;&gt;&lt;\\\/i&gt;&quot;,&quot;library&quot;:&quot;&quot;},&quot;layout&quot;:&quot;horizontal&quot;}\" data-widget_type=\"nav-menu.default\">\n\t\t\t\t<div class=\"elementor-widget-container\">\n\t\t\t<link rel=\"stylesheet\" href=\"https:\/\/euromax.com.az\/wp-content\/plugins\/elementor-pro\/assets\/css\/widget-nav-menu.min.css\">\t\t\t<nav migration_allowed=\"1\" migrated=\"0\" role=\"navigation\" class=\"elementor-nav-menu--main elementor-nav-menu__container elementor-nav-menu--layout-horizontal e--pointer-none\">\n\t\t\t\t<ul id=\"menu-1-cdfb0f1\" class=\"elementor-nav-menu\"><li class=\"menu-item menu-item-type-custom menu-item-object-custom menu-item-has-children menu-item-558\"><a class=\"elementor-item menu-link\">EUROMAX LLC<span role=\"presentation\" class=\"dropdown-menu-toggle\" ><\/span><\/a>\n<ul class=\"sub-menu elementor-nav-menu--dropdown\">\n\t<li class=\"menu-item menu-item-type-post_type menu-item-object-page menu-item-140\"><a href=\"https:\/\/euromax.com.az\/?page_id=107\" class=\"elementor-sub-item menu-link\">Bizim haqq\u0131m\u0131zda<\/a><\/li>\n\t<li class=\"menu-item menu-item-type-post_type menu-item-object-page menu-item-525\"><a href=\"https:\/\/euromax.com.az\/?page_id=124\" class=\"elementor-sub-item menu-link\">Sertifikatlar<\/a><\/li>\n\t<li class=\"menu-item menu-item-type-post_type menu-item-object-page menu-item-561\"><a href=\"https:\/\/euromax.com.az\/?page_id=123\" class=\"elementor-sub-item menu-link\">Tamamlanan layih\u0259l\u0259r<\/a><\/li>\n\t<li class=\"menu-item menu-item-type-post_type menu-item-object-page menu-item-368\"><a href=\"https:\/\/euromax.com.az\/?page_id=355\" class=\"elementor-sub-item menu-link\">Kontaktlar<\/a><\/li>\n\t<li class=\"menu-item menu-item-type-post_type menu-item-object-post menu-item-1170\"><a href=\"https:\/\/euromax.com.az\/?p=1161\" class=\"elementor-sub-item menu-link\">D\u00d6PFNER, KOWA m\u0259hsullar\u0131n qura\u015fd\u0131r\u0131lmas\u0131<\/a><\/li>\n<\/ul>\n<\/li>\n<\/ul>\t\t\t<\/nav>\n\t\t\t\t\t<div class=\"elementor-menu-toggle\" role=\"button\" tabindex=\"0\" aria-label=\"Menu Toggle\" aria-expanded=\"false\">\n\t\t\t<i aria-hidden=\"true\" role=\"presentation\" class=\"elementor-menu-toggle__icon--open eicon-menu-bar\"><\/i><i aria-hidden=\"true\" role=\"presentation\" class=\"elementor-menu-toggle__icon--close eicon-close\"><\/i>\t\t\t<span class=\"elementor-screen-only\">Menu<\/span>\n\t\t<\/div>\n\t\t\t<nav class=\"elementor-nav-menu--dropdown elementor-nav-menu__container\" role=\"navigation\" aria-hidden=\"true\">\n\t\t\t\t<ul id=\"menu-2-cdfb0f1\" class=\"elementor-nav-menu\"><li class=\"menu-item menu-item-type-custom menu-item-object-custom menu-item-has-children menu-item-558\"><a class=\"elementor-item menu-link\" tabindex=\"-1\">EUROMAX LLC<span role=\"presentation\" class=\"dropdown-menu-toggle\" ><\/span><\/a>\n<ul class=\"sub-menu elementor-nav-menu--dropdown\">\n\t<li class=\"menu-item menu-item-type-post_type menu-item-object-page menu-item-140\"><a href=\"https:\/\/euromax.com.az\/?page_id=107\" class=\"elementor-sub-item menu-link\" tabindex=\"-1\">Bizim haqq\u0131m\u0131zda<\/a><\/li>\n\t<li class=\"menu-item menu-item-type-post_type menu-item-object-page menu-item-525\"><a href=\"https:\/\/euromax.com.az\/?page_id=124\" class=\"elementor-sub-item menu-link\" tabindex=\"-1\">Sertifikatlar<\/a><\/li>\n\t<li class=\"menu-item menu-item-type-post_type menu-item-object-page menu-item-561\"><a href=\"https:\/\/euromax.com.az\/?page_id=123\" class=\"elementor-sub-item menu-link\" tabindex=\"-1\">Tamamlanan layih\u0259l\u0259r<\/a><\/li>\n\t<li class=\"menu-item menu-item-type-post_type menu-item-object-page menu-item-368\"><a href=\"https:\/\/euromax.com.az\/?page_id=355\" class=\"elementor-sub-item menu-link\" tabindex=\"-1\">Kontaktlar<\/a><\/li>\n\t<li class=\"menu-item menu-item-type-post_type menu-item-object-post menu-item-1170\"><a href=\"https:\/\/euromax.com.az\/?p=1161\" class=\"elementor-sub-item menu-link\" tabindex=\"-1\">D\u00d6PFNER, KOWA m\u0259hsullar\u0131n qura\u015fd\u0131r\u0131lmas\u0131<\/a><\/li>\n<\/ul>\n<\/li>\n<\/ul>\t\t\t<\/nav>\n\t\t\t\t<\/div>\n\t\t\t\t<\/div>\n\t\t\t\t\t<\/div>\n\t\t<\/div>\n\t\t\t\t<div class=\"elementor-column elementor-col-33 elementor-top-column elementor-element elementor-element-37dfb8a animated-slow\" data-id=\"37dfb8a\" data-element_type=\"column\" data-settings=\"{&quot;animation&quot;:&quot;none&quot;,&quot;animation_delay&quot;:1900,&quot;background_background&quot;:&quot;classic&quot;}\">\n\t\t\t<div class=\"elementor-widget-wrap elementor-element-populated\">\n\t\t\t\t\t\t\t\t<div class=\"elementor-element elementor-element-3077179 elementor-nav-menu__align-center elementor-nav-menu__text-align-center elementor-nav-menu--dropdown-tablet elementor-widget elementor-widget-nav-menu\" data-id=\"3077179\" data-element_type=\"widget\" data-settings=\"{&quot;submenu_icon&quot;:{&quot;value&quot;:&quot;&lt;i class=\\&quot;\\&quot;&gt;&lt;\\\/i&gt;&quot;,&quot;library&quot;:&quot;&quot;},&quot;layout&quot;:&quot;horizontal&quot;}\" data-widget_type=\"nav-menu.default\">\n\t\t\t\t<div class=\"elementor-widget-container\">\n\t\t\t\t\t\t<nav migration_allowed=\"1\" migrated=\"0\" role=\"navigation\" class=\"elementor-nav-menu--main elementor-nav-menu__container elementor-nav-menu--layout-horizontal e--pointer-none\">\n\t\t\t\t<ul id=\"menu-1-3077179\" class=\"elementor-nav-menu\"><li class=\"menu-item menu-item-type-custom menu-item-object-custom menu-item-has-children menu-item-559\"><a class=\"elementor-item menu-link\">KOWA p\u0259nc\u0259r\u0259 v\u0259 qap\u0131lar<span role=\"presentation\" class=\"dropdown-menu-toggle\" ><\/span><\/a>\n<ul class=\"sub-menu elementor-nav-menu--dropdown\">\n\t<li class=\"menu-item menu-item-type-post_type menu-item-object-page menu-item-1468\"><a href=\"https:\/\/euromax.com.az\/?page_id=1453\" class=\"elementor-sub-item menu-link\">KOWA haqq\u0131nda<\/a><\/li>\n\t<li class=\"menu-item menu-item-type-post_type menu-item-object-page menu-item-141\"><a href=\"https:\/\/euromax.com.az\/?page_id=97\" class=\"elementor-sub-item menu-link\">Taxta p\u0259nc\u0259r\u0259l\u0259r<\/a><\/li>\n\t<li class=\"menu-item menu-item-type-post_type menu-item-object-page menu-item-266\"><a href=\"https:\/\/euromax.com.az\/?page_id=245\" class=\"elementor-sub-item menu-link\">Taxta-al\u00fcminium p\u0259nc\u0259r\u0259l\u0259r<\/a><\/li>\n\t<li class=\"menu-item menu-item-type-post_type menu-item-object-page menu-item-142\"><a href=\"https:\/\/euromax.com.az\/?page_id=83\" class=\"elementor-sub-item menu-link\">Daxili taxta qap\u0131lar<\/a><\/li>\n\t<li class=\"menu-item menu-item-type-post_type menu-item-object-page menu-item-284\"><a href=\"https:\/\/euromax.com.az\/?page_id=268\" class=\"elementor-sub-item menu-link\">Taxta-al\u00fcminium giri\u015f qap\u0131lar\u0131<\/a><\/li>\n<\/ul>\n<\/li>\n<\/ul>\t\t\t<\/nav>\n\t\t\t\t\t<div class=\"elementor-menu-toggle\" role=\"button\" tabindex=\"0\" aria-label=\"Menu Toggle\" aria-expanded=\"false\">\n\t\t\t<i aria-hidden=\"true\" role=\"presentation\" class=\"elementor-menu-toggle__icon--open eicon-menu-bar\"><\/i><i aria-hidden=\"true\" role=\"presentation\" class=\"elementor-menu-toggle__icon--close eicon-close\"><\/i>\t\t\t<span class=\"elementor-screen-only\">Menu<\/span>\n\t\t<\/div>\n\t\t\t<nav class=\"elementor-nav-menu--dropdown elementor-nav-menu__container\" role=\"navigation\" aria-hidden=\"true\">\n\t\t\t\t<ul id=\"menu-2-3077179\" class=\"elementor-nav-menu\"><li class=\"menu-item menu-item-type-custom menu-item-object-custom menu-item-has-children menu-item-559\"><a class=\"elementor-item menu-link\" tabindex=\"-1\">KOWA p\u0259nc\u0259r\u0259 v\u0259 qap\u0131lar<span role=\"presentation\" class=\"dropdown-menu-toggle\" ><\/span><\/a>\n<ul class=\"sub-menu elementor-nav-menu--dropdown\">\n\t<li class=\"menu-item menu-item-type-post_type menu-item-object-page menu-item-1468\"><a href=\"https:\/\/euromax.com.az\/?page_id=1453\" class=\"elementor-sub-item menu-link\" tabindex=\"-1\">KOWA haqq\u0131nda<\/a><\/li>\n\t<li class=\"menu-item menu-item-type-post_type menu-item-object-page menu-item-141\"><a href=\"https:\/\/euromax.com.az\/?page_id=97\" class=\"elementor-sub-item menu-link\" tabindex=\"-1\">Taxta p\u0259nc\u0259r\u0259l\u0259r<\/a><\/li>\n\t<li class=\"menu-item menu-item-type-post_type menu-item-object-page menu-item-266\"><a href=\"https:\/\/euromax.com.az\/?page_id=245\" class=\"elementor-sub-item menu-link\" tabindex=\"-1\">Taxta-al\u00fcminium p\u0259nc\u0259r\u0259l\u0259r<\/a><\/li>\n\t<li class=\"menu-item menu-item-type-post_type menu-item-object-page menu-item-142\"><a href=\"https:\/\/euromax.com.az\/?page_id=83\" class=\"elementor-sub-item menu-link\" tabindex=\"-1\">Daxili taxta qap\u0131lar<\/a><\/li>\n\t<li class=\"menu-item menu-item-type-post_type menu-item-object-page menu-item-284\"><a href=\"https:\/\/euromax.com.az\/?page_id=268\" class=\"elementor-sub-item menu-link\" tabindex=\"-1\">Taxta-al\u00fcminium giri\u015f qap\u0131lar\u0131<\/a><\/li>\n<\/ul>\n<\/li>\n<\/ul>\t\t\t<\/nav>\n\t\t\t\t<\/div>\n\t\t\t\t<\/div>\n\t\t\t\t\t<\/div>\n\t\t<\/div>\n\t\t\t\t<div class=\"elementor-column elementor-col-33 elementor-top-column elementor-element elementor-element-af77115 animated-slow\" data-id=\"af77115\" data-element_type=\"column\" data-settings=\"{&quot;background_background&quot;:&quot;classic&quot;,&quot;animation&quot;:&quot;none&quot;,&quot;animation_delay&quot;:1900}\">\n\t\t\t<div class=\"elementor-widget-wrap elementor-element-populated\">\n\t\t\t\t\t\t\t\t<div class=\"elementor-element elementor-element-a22ed07 elementor-nav-menu__align-center elementor-nav-menu__text-align-center elementor-nav-menu--dropdown-tablet elementor-widget elementor-widget-nav-menu\" data-id=\"a22ed07\" data-element_type=\"widget\" data-settings=\"{&quot;submenu_icon&quot;:{&quot;value&quot;:&quot;&lt;i class=\\&quot;\\&quot;&gt;&lt;\\\/i&gt;&quot;,&quot;library&quot;:&quot;&quot;},&quot;layout&quot;:&quot;horizontal&quot;}\" data-widget_type=\"nav-menu.default\">\n\t\t\t\t<div class=\"elementor-widget-container\">\n\t\t\t\t\t\t<nav migration_allowed=\"1\" migrated=\"0\" role=\"navigation\" class=\"elementor-nav-menu--main elementor-nav-menu__container elementor-nav-menu--layout-horizontal e--pointer-none\">\n\t\t\t\t<ul id=\"menu-1-a22ed07\" class=\"elementor-nav-menu\"><li class=\"menu-item menu-item-type-custom menu-item-object-custom menu-item-has-children menu-item-560\"><a class=\"elementor-item menu-link\">D\u00d6PFNER s\u00fcr\u00fc\u015fm\u0259 qap\u0131lar\u0131<span role=\"presentation\" class=\"dropdown-menu-toggle\" ><\/span><\/a>\n<ul class=\"sub-menu elementor-nav-menu--dropdown\">\n\t<li class=\"menu-item menu-item-type-post_type menu-item-object-page menu-item-1485\"><a href=\"https:\/\/euromax.com.az\/?page_id=1478\" class=\"elementor-sub-item menu-link\">D\u00f6pfner Betriebs GmbH haqq\u0131nda<\/a><\/li>\n\t<li class=\"menu-item menu-item-type-post_type menu-item-object-page menu-item-613\"><a href=\"https:\/\/euromax.com.az\/?page_id=504\" class=\"elementor-sub-item menu-link\">D\u00d6PFNER SKYWALL FTS 4.0<\/a><\/li>\n\t<li class=\"menu-item menu-item-type-post_type menu-item-object-page menu-item-611\"><a href=\"https:\/\/euromax.com.az\/?page_id=521\" class=\"elementor-sub-item menu-link\">D\u00d6PFNER HST 3.0<\/a><\/li>\n\t<li class=\"menu-item menu-item-type-post_type menu-item-object-page menu-item-612\"><a href=\"https:\/\/euromax.com.az\/?page_id=519\" class=\"elementor-sub-item menu-link\">D\u00d6PFNER HST 2.0<\/a><\/li>\n\t<li class=\"menu-item menu-item-type-post_type menu-item-object-page menu-item-609\"><a href=\"https:\/\/euromax.com.az\/?page_id=600\" class=\"elementor-sub-item menu-link\">D\u00d6PFNER PSK-T\u00dcREN<\/a><\/li>\n\t<li class=\"menu-item menu-item-type-post_type menu-item-object-page menu-item-614\"><a href=\"https:\/\/euromax.com.az\/?page_id=523\" class=\"elementor-sub-item menu-link\">D\u00d6PFNER PAS-T\u00dcREN<\/a><\/li>\n\t<li class=\"menu-item menu-item-type-post_type menu-item-object-page menu-item-607\"><a href=\"https:\/\/euromax.com.az\/?page_id=604\" class=\"elementor-sub-item menu-link\">D\u00d6PFNER FALT-SCHIEBE-T\u00dcREN<\/a><\/li>\n<\/ul>\n<\/li>\n<\/ul>\t\t\t<\/nav>\n\t\t\t\t\t<div class=\"elementor-menu-toggle\" role=\"button\" tabindex=\"0\" aria-label=\"Menu Toggle\" aria-expanded=\"false\">\n\t\t\t<i aria-hidden=\"true\" role=\"presentation\" class=\"elementor-menu-toggle__icon--open eicon-menu-bar\"><\/i><i aria-hidden=\"true\" role=\"presentation\" class=\"elementor-menu-toggle__icon--close eicon-close\"><\/i>\t\t\t<span class=\"elementor-screen-only\">Menu<\/span>\n\t\t<\/div>\n\t\t\t<nav class=\"elementor-nav-menu--dropdown elementor-nav-menu__container\" role=\"navigation\" aria-hidden=\"true\">\n\t\t\t\t<ul id=\"menu-2-a22ed07\" class=\"elementor-nav-menu\"><li class=\"menu-item menu-item-type-custom menu-item-object-custom menu-item-has-children menu-item-560\"><a class=\"elementor-item menu-link\" tabindex=\"-1\">D\u00d6PFNER s\u00fcr\u00fc\u015fm\u0259 qap\u0131lar\u0131<span role=\"presentation\" class=\"dropdown-menu-toggle\" ><\/span><\/a>\n<ul class=\"sub-menu elementor-nav-menu--dropdown\">\n\t<li class=\"menu-item menu-item-type-post_type menu-item-object-page menu-item-1485\"><a href=\"https:\/\/euromax.com.az\/?page_id=1478\" class=\"elementor-sub-item menu-link\" tabindex=\"-1\">D\u00f6pfner Betriebs GmbH haqq\u0131nda<\/a><\/li>\n\t<li class=\"menu-item menu-item-type-post_type menu-item-object-page menu-item-613\"><a href=\"https:\/\/euromax.com.az\/?page_id=504\" class=\"elementor-sub-item menu-link\" tabindex=\"-1\">D\u00d6PFNER SKYWALL FTS 4.0<\/a><\/li>\n\t<li class=\"menu-item menu-item-type-post_type menu-item-object-page menu-item-611\"><a href=\"https:\/\/euromax.com.az\/?page_id=521\" class=\"elementor-sub-item menu-link\" tabindex=\"-1\">D\u00d6PFNER HST 3.0<\/a><\/li>\n\t<li class=\"menu-item menu-item-type-post_type menu-item-object-page menu-item-612\"><a href=\"https:\/\/euromax.com.az\/?page_id=519\" class=\"elementor-sub-item menu-link\" tabindex=\"-1\">D\u00d6PFNER HST 2.0<\/a><\/li>\n\t<li class=\"menu-item menu-item-type-post_type menu-item-object-page menu-item-609\"><a href=\"https:\/\/euromax.com.az\/?page_id=600\" class=\"elementor-sub-item menu-link\" tabindex=\"-1\">D\u00d6PFNER PSK-T\u00dcREN<\/a><\/li>\n\t<li class=\"menu-item menu-item-type-post_type menu-item-object-page menu-item-614\"><a href=\"https:\/\/euromax.com.az\/?page_id=523\" class=\"elementor-sub-item menu-link\" tabindex=\"-1\">D\u00d6PFNER PAS-T\u00dcREN<\/a><\/li>\n\t<li class=\"menu-item menu-item-type-post_type menu-item-object-page menu-item-607\"><a href=\"https:\/\/euromax.com.az\/?page_id=604\" class=\"elementor-sub-item menu-link\" tabindex=\"-1\">D\u00d6PFNER FALT-SCHIEBE-T\u00dcREN<\/a><\/li>\n<\/ul>\n<\/li>\n<\/ul>\t\t\t<\/nav>\n\t\t\t\t<\/div>\n\t\t\t\t<\/div>\n\t\t\t\t\t<\/div>\n\t\t<\/div>\n\t\t\t\t\t\t\t<\/div>\n\t\t<\/section>\n\t\t\t\t<section class=\"elementor-section elementor-top-section elementor-element elementor-element-b450ec7 elementor-section-boxed elementor-section-height-default elementor-section-height-default\" data-id=\"b450ec7\" data-element_type=\"section\">\n\t\t\t\t\t\t<div class=\"elementor-container elementor-column-gap-default\">\n\t\t\t\t\t<div class=\"elementor-column elementor-col-50 elementor-top-column elementor-element elementor-element-8f88bbe\" data-id=\"8f88bbe\" data-element_type=\"column\">\n\t\t\t<div class=\"elementor-widget-wrap elementor-element-populated\">\n\t\t\t\t\t\t\t\t<div class=\"elementor-element elementor-element-05eb3c6 elementor-widget elementor-widget-google_maps\" data-id=\"05eb3c6\" data-element_type=\"widget\" data-widget_type=\"google_maps.default\">\n\t\t\t\t<div class=\"elementor-widget-container\">\n\t\t\t<style>\/*! elementor - v3.6.6 - 08-06-2022 *\/\n.elementor-widget-google_maps .elementor-widget-container{overflow:hidden}.elementor-widget-google_maps iframe{height:300px}<\/style>\t\t<div class=\"elementor-custom-embed\">\n\t\t\t<iframe frameborder=\"0\" scrolling=\"no\" marginheight=\"0\" marginwidth=\"0\"\n\t\t\t\t\tsrc=\"https:\/\/maps.google.com\/maps?q=Baku%204th%20Kondalan&#038;t=m&#038;z=14&#038;output=embed&#038;iwloc=near\"\n\t\t\t\t\ttitle=\"Baku 4th Kondalan\"\n\t\t\t\t\taria-label=\"Baku 4th Kondalan\"\n\t\t\t><\/iframe>\n\t\t<\/div>\n\t\t\t\t<\/div>\n\t\t\t\t<\/div>\n\t\t\t\t\t<\/div>\n\t\t<\/div>\n\t\t\t\t<div class=\"elementor-column elementor-col-50 elementor-top-column elementor-element elementor-element-c657dff\" data-id=\"c657dff\" data-element_type=\"column\">\n\t\t\t<div class=\"elementor-widget-wrap elementor-element-populated\">\n\t\t\t\t\t\t\t\t<div class=\"elementor-element elementor-element-1b71a77 elementor-widget elementor-widget-text-editor\" data-id=\"1b71a77\" data-element_type=\"widget\" data-widget_type=\"text-editor.default\">\n\t\t\t\t<div class=\"elementor-widget-container\">\n\t\t\t<style>\/*! elementor - v3.6.6 - 08-06-2022 *\/\n.elementor-widget-text-editor.elementor-drop-cap-view-stacked .elementor-drop-cap{background-color:#818a91;color:#fff}.elementor-widget-text-editor.elementor-drop-cap-view-framed .elementor-drop-cap{color:#818a91;border:3px solid;background-color:transparent}.elementor-widget-text-editor:not(.elementor-drop-cap-view-default) .elementor-drop-cap{margin-top:8px}.elementor-widget-text-editor:not(.elementor-drop-cap-view-default) .elementor-drop-cap-letter{width:1em;height:1em}.elementor-widget-text-editor .elementor-drop-cap{float:left;text-align:center;line-height:1;font-size:50px}.elementor-widget-text-editor .elementor-drop-cap-letter{display:inline-block}<\/style>\t\t\t\t<h2 style=\"text-align: center;\"><strong>EUROMAX MMC<\/strong><\/h2><div><strong>\u00a0<\/strong><\/div><h5><img decoding=\"async\" class=\"emoji\" role=\"img\" draggable=\"false\" src=\"https:\/\/s.w.org\/images\/core\/emoji\/13.1.0\/svg\/260e.svg\" alt=\"\u260e\ufe0f\" \/> (012)514-80-28<br \/><img decoding=\"async\" class=\"emoji\" role=\"img\" draggable=\"false\" src=\"https:\/\/s.w.org\/images\/core\/emoji\/13.1.0\/svg\/260e.svg\" alt=\"\u260e\ufe0f\" \/>(050)201-54-75 (WhatsApp)<\/h5><h5><span class=\"TextRun Highlight SCXW3640094 BCX0\" lang=\"RU-RU\" xml:lang=\"RU-RU\" data-contrast=\"auto\"><span class=\"NormalTextRun SCXW3640094 BCX0\">\u00dcnvan<\/span><span class=\"NormalTextRun SCXW3640094 BCX0\">:<\/span><\/span> <span class=\"TextRun Highlight SCXW3640094 BCX0\" lang=\"RU-RU\" xml:lang=\"RU-RU\" data-contrast=\"auto\"><span class=\"NormalTextRun SCXW3640094 BCX0\">Bak\u0131<\/span><span class=\"NormalTextRun SCXW3640094 BCX0\">, AZ1000, 1-ci <\/span><span class=\"NormalTextRun SCXW3640094 BCX0\">k\u00f6nd<\/span><\/span><span class=\"TextRun Highlight SCXW3640094 BCX0\" lang=\"RU-RU\" xml:lang=\"RU-RU\" data-contrast=\"auto\"><span class=\"NormalTextRun SCXW3640094 BCX0\">\u0259<\/span><\/span><span class=\"TextRun Highlight SCXW3640094 BCX0\" lang=\"RU-RU\" xml:lang=\"RU-RU\" data-contrast=\"auto\"><span class=\"NormalTextRun SCXW3640094 BCX0\">l<\/span><\/span><span class=\"TextRun Highlight SCXW3640094 BCX0\" lang=\"RU-RU\" xml:lang=\"RU-RU\" data-contrast=\"auto\"><span class=\"NormalTextRun SCXW3640094 BCX0\">\u0259<\/span><\/span><span class=\"TextRun Highlight SCXW3640094 BCX0\" lang=\"RU-RU\" xml:lang=\"RU-RU\" data-contrast=\"auto\"><span class=\"NormalTextRun SCXW3640094 BCX0\">n<\/span> <span class=\"NormalTextRun SCXW3640094 BCX0\">k\u00fc\u00e7<\/span><\/span><span class=\"TextRun Highlight SCXW3640094 BCX0\" lang=\"RU-RU\" xml:lang=\"RU-RU\" data-contrast=\"auto\"><span class=\"NormalTextRun SCXW3640094 BCX0\">\u0259<\/span><\/span><span class=\"TextRun Highlight SCXW3640094 BCX0\" lang=\"RU-RU\" xml:lang=\"RU-RU\" data-contrast=\"auto\"><span class=\"NormalTextRun SCXW3640094 BCX0\">si<\/span><span class=\"NormalTextRun SCXW3640094 BCX0\">, <\/span><span class=\"NormalTextRun SCXW3640094 BCX0\">m<\/span><\/span><span class=\"TextRun Highlight SCXW3640094 BCX0\" lang=\"RU-RU\" xml:lang=\"RU-RU\" data-contrast=\"auto\"><span class=\"NormalTextRun SCXW3640094 BCX0\">\u0259<\/span><\/span><span class=\"TextRun Highlight SCXW3640094 BCX0\" lang=\"RU-RU\" xml:lang=\"RU-RU\" data-contrast=\"auto\"><span class=\"NormalTextRun SCXW3640094 BCX0\">h<\/span><\/span><span class=\"TextRun Highlight SCXW3640094 BCX0\" lang=\"RU-RU\" xml:lang=\"RU-RU\" data-contrast=\"auto\"><span class=\"NormalTextRun SCXW3640094 BCX0\">\u0259<\/span><\/span><span class=\"TextRun Highlight SCXW3640094 BCX0\" lang=\"RU-RU\" xml:lang=\"RU-RU\" data-contrast=\"auto\"><span class=\"NormalTextRun SCXW3640094 BCX0\">ll<\/span><\/span><span class=\"TextRun Highlight SCXW3640094 BCX0\" lang=\"RU-RU\" xml:lang=\"RU-RU\" data-contrast=\"auto\"><span class=\"NormalTextRun SCXW3640094 BCX0\">\u0259<\/span><\/span><span class=\"TextRun Highlight SCXW3640094 BCX0\" lang=\"RU-RU\" xml:lang=\"RU-RU\" data-contrast=\"auto\"><span class=\"NormalTextRun SCXW3640094 BCX0\"> 2213.<\/span><\/span><span class=\"EOP SCXW3640094 BCX0\" data-ccp-props=\"{&quot;201341983&quot;:0,&quot;335559740&quot;:259}\">\u00a0<\/span><\/h5><h5>office@euromax.com.az<br \/><a href=\"https:\/\/euromax.com.az\" target=\"_blank\" rel=\"noopener\">www.euromax.com.az<\/a><\/h5>\t\t\t\t\t\t<\/div>\n\t\t\t\t<\/div>\n\t\t\t\t\t<\/div>\n\t\t<\/div>\n\t\t\t\t\t\t\t<\/div>\n\t\t<\/section>\n\t\t\t\t<section class=\"elementor-section elementor-top-section elementor-element elementor-element-34dcbee elementor-section-boxed elementor-section-height-default elementor-section-height-default\" data-id=\"34dcbee\" data-element_type=\"section\">\n\t\t\t\t\t\t<div class=\"elementor-container elementor-column-gap-default\">\n\t\t\t\t\t<div class=\"elementor-column elementor-col-50 elementor-top-column elementor-element elementor-element-16d5b6b\" data-id=\"16d5b6b\" data-element_type=\"column\">\n\t\t\t<div class=\"elementor-widget-wrap elementor-element-populated\">\n\t\t\t\t\t\t\t\t<div class=\"elementor-element elementor-element-0502e9f elementor-widget elementor-widget-image\" data-id=\"0502e9f\" data-element_type=\"widget\" data-widget_type=\"image.default\">\n\t\t\t\t<div class=\"elementor-widget-container\">\n\t\t\t<style>\/*! elementor - v3.6.6 - 08-06-2022 *\/\n.elementor-widget-image{text-align:center}.elementor-widget-image a{display:inline-block}.elementor-widget-image a img[src$=\".svg\"]{width:48px}.elementor-widget-image img{vertical-align:middle;display:inline-block}<\/style>\t\t\t\t\t\t\t\t\t\t\t\t\t<a href=\"https:\/\/www.doepfner.de\/\">\n\t\t\t\t\t\t\t<img loading=\"lazy\" decoding=\"async\" width=\"270\" height=\"180\" src=\"https:\/\/euromax.com.az\/wp-content\/uploads\/2022\/11\/dopfner_logo.jpg\" class=\"attachment-large size-large\" alt=\"\" \/>\t\t\t\t\t\t\t\t<\/a>\n\t\t\t\t\t\t\t\t\t\t\t\t\t\t\t<\/div>\n\t\t\t\t<\/div>\n\t\t\t\t\t<\/div>\n\t\t<\/div>\n\t\t\t\t<div class=\"elementor-column elementor-col-50 elementor-top-column elementor-element elementor-element-a13ab10\" data-id=\"a13ab10\" data-element_type=\"column\">\n\t\t\t<div class=\"elementor-widget-wrap elementor-element-populated\">\n\t\t\t\t\t\t\t\t<div class=\"elementor-element elementor-element-30761d3 elementor-widget elementor-widget-image\" data-id=\"30761d3\" data-element_type=\"widget\" data-widget_type=\"image.default\">\n\t\t\t\t<div class=\"elementor-widget-container\">\n\t\t\t\t\t\t\t\t\t\t\t\t\t\t\t\t<a href=\"https:\/\/www.kowa.de\/\">\n\t\t\t\t\t\t\t<img loading=\"lazy\" decoding=\"async\" width=\"270\" height=\"180\" src=\"https:\/\/euromax.com.az\/wp-content\/uploads\/2022\/11\/Kowa_logo.jpg\" class=\"attachment-large size-large\" alt=\"\" \/>\t\t\t\t\t\t\t\t<\/a>\n\t\t\t\t\t\t\t\t\t\t\t\t\t\t\t<\/div>\n\t\t\t\t<\/div>\n\t\t\t\t\t<\/div>\n\t\t<\/div>\n\t\t\t\t\t\t\t<\/div>\n\t\t<\/section>\n\t\t\t\t\t\t\t<\/div>\n\t\t","protected":false},"excerpt":{"rendered":"<p>EUROMAX MMC &nbsp; (012)514-80-28 (050)201-54-75 (WhatsApp) \u00dcnvan: Bak\u0131, AZ1000, 1-ci k\u00f6nd\u0259l\u0259n k\u00fc\u00e7\u0259si, m\u0259h\u0259ll\u0259 2213.&nbsp; office@euromax.com.az www.euromax.com.az<\/p>\n","protected":false},"author":1,"featured_media":0,"parent":0,"menu_order":0,"comment_status":"closed","ping_status":"closed","template":"","meta":{"om_disable_all_campaigns":false,"_monsterinsights_skip_tracking":false,"_monsterinsights_sitenote_active":false,"_monsterinsights_sitenote_note":"","_monsterinsights_sitenote_category":0,"site-sidebar-layout":"no-sidebar","site-content-layout":"page-builder","ast-global-header-display":"","ast-main-header-display":"","ast-hfb-above-header-display":"","ast-hfb-below-header-display":"","ast-hfb-mobile-header-display":"","site-post-title":"disabled","ast-breadcrumbs-content":"","ast-featured-img":"disabled","footer-sml-layout":"","theme-transparent-header-meta":"","adv-header-id-meta":"","stick-header-meta":"","header-above-stick-meta":"","header-main-stick-meta":"","header-below-stick-meta":"","footnotes":""},"class_list":["post-355","page","type-page","status-publish","hentry"],"aioseo_notices":[],"_links":{"self":[{"href":"https:\/\/euromax.com.az\/index.php?rest_route=\/wp\/v2\/pages\/355"}],"collection":[{"href":"https:\/\/euromax.com.az\/index.php?rest_route=\/wp\/v2\/pages"}],"about":[{"href":"https:\/\/euromax.com.az\/index.php?rest_route=\/wp\/v2\/types\/page"}],"author":[{"embeddable":true,"href":"https:\/\/euromax.com.az\/index.php?rest_route=\/wp\/v2\/users\/1"}],"replies":[{"embeddable":true,"href":"https:\/\/euromax.com.az\/index.php?rest_route=%2Fwp%2Fv2%2Fcomments&post=355"}],"version-history":[{"count":45,"href":"https:\/\/euromax.com.az\/index.php?rest_route=\/wp\/v2\/pages\/355\/revisions"}],"predecessor-version":[{"id":1642,"href":"https:\/\/euromax.com.az\/index.php?rest_route=\/wp\/v2\/pages\/355\/revisions\/1642"}],"wp:attachment":[{"href":"https:\/\/euromax.com.az\/index.php?rest_route=%2Fwp%2Fv2%2Fmedia&parent=355"}],"curies":[{"name":"wp","href":"https:\/\/api.w.org\/{rel}","templated":true}]}}