{"id":114,"date":"2022-07-22T19:50:30","date_gmt":"2022-07-22T16:50:30","guid":{"rendered":"http:\/\/euromax.com.az\/?page_id=114"},"modified":"2024-04-06T20:09:47","modified_gmt":"2024-04-06T17:09:47","slug":"home","status":"publish","type":"page","link":"https:\/\/euromax.com.az\/","title":{"rendered":"\u018fsas S\u0259hif\u0259"},"content":{"rendered":"\t\t<div data-elementor-type=\"wp-page\" data-elementor-id=\"114\" class=\"elementor elementor-114\">\n\t\t\t\t\t\t\t\t\t<section class=\"elementor-section elementor-top-section elementor-element elementor-element-50318377 elementor-section-full_width elementor-section-height-full elementor-section-items-stretch elementor-section-stretched elementor-section-height-default\" data-id=\"50318377\" data-element_type=\"section\" data-settings=\"{&quot;background_background&quot;:&quot;slideshow&quot;,&quot;stretch_section&quot;:&quot;section-stretched&quot;,&quot;background_slideshow_gallery&quot;:[{&quot;id&quot;:1779,&quot;url&quot;:&quot;http:\\\/\\\/euromax.com.az\\\/wp-content\\\/uploads\\\/2024\\\/04\\\/Holzfenster-Produktion-3.jpg&quot;},{&quot;id&quot;:1778,&quot;url&quot;:&quot;http:\\\/\\\/euromax.com.az\\\/wp-content\\\/uploads\\\/2024\\\/04\\\/Holzfenster-Produktion-6.jpg&quot;},{&quot;id&quot;:1777,&quot;url&quot;:&quot;http:\\\/\\\/euromax.com.az\\\/wp-content\\\/uploads\\\/2024\\\/04\\\/Holzfenster-Produktion-4.jpg&quot;},{&quot;id&quot;:118,&quot;url&quot;:&quot;http:\\\/\\\/euromax.com.az\\\/wp-content\\\/uploads\\\/2022\\\/07\\\/002-03.jpg&quot;}],&quot;background_slideshow_slide_duration&quot;:4000,&quot;background_slideshow_transition_duration&quot;:4000,&quot;background_slideshow_loop&quot;:&quot;yes&quot;,&quot;background_slideshow_slide_transition&quot;:&quot;fade&quot;}\">\n\t\t\t\t\t\t<div class=\"elementor-container elementor-column-gap-default\">\n\t\t\t\t\t<div class=\"elementor-column elementor-col-33 elementor-top-column elementor-element elementor-element-1b8f6dcb animated-slow\" data-id=\"1b8f6dcb\" data-element_type=\"column\" data-settings=\"{&quot;animation&quot;:&quot;none&quot;,&quot;animation_delay&quot;:1900,&quot;background_background&quot;:&quot;classic&quot;}\">\n\t\t\t<div class=\"elementor-widget-wrap elementor-element-populated\">\n\t\t\t\t\t\t\t\t<div class=\"elementor-element elementor-element-7eeb1aea elementor-nav-menu__align-center elementor-nav-menu__text-align-center elementor-nav-menu--dropdown-tablet elementor-widget elementor-widget-nav-menu\" data-id=\"7eeb1aea\" data-element_type=\"widget\" data-settings=\"{&quot;submenu_icon&quot;:{&quot;value&quot;:&quot;&lt;i class=\\&quot;\\&quot;&gt;&lt;\\\/i&gt;&quot;,&quot;library&quot;:&quot;&quot;},&quot;layout&quot;:&quot;horizontal&quot;}\" data-widget_type=\"nav-menu.default\">\n\t\t\t\t<div class=\"elementor-widget-container\">\n\t\t\t<link rel=\"stylesheet\" href=\"https:\/\/euromax.com.az\/wp-content\/plugins\/elementor-pro\/assets\/css\/widget-nav-menu.min.css\">\t\t\t<nav migration_allowed=\"1\" migrated=\"0\" role=\"navigation\" class=\"elementor-nav-menu--main elementor-nav-menu__container elementor-nav-menu--layout-horizontal e--pointer-none\">\n\t\t\t\t<ul id=\"menu-1-7eeb1aea\" class=\"elementor-nav-menu\"><li class=\"menu-item menu-item-type-custom menu-item-object-custom menu-item-has-children menu-item-558\"><a class=\"elementor-item menu-link\">EUROMAX LLC<span role=\"presentation\" class=\"dropdown-menu-toggle\" ><\/span><\/a>\n<ul class=\"sub-menu elementor-nav-menu--dropdown\">\n\t<li class=\"menu-item menu-item-type-post_type menu-item-object-page menu-item-140\"><a href=\"https:\/\/euromax.com.az\/?page_id=107\" class=\"elementor-sub-item menu-link\">Bizim haqq\u0131m\u0131zda<\/a><\/li>\n\t<li class=\"menu-item menu-item-type-post_type menu-item-object-page menu-item-525\"><a href=\"https:\/\/euromax.com.az\/?page_id=124\" class=\"elementor-sub-item menu-link\">Sertifikatlar<\/a><\/li>\n\t<li class=\"menu-item menu-item-type-post_type menu-item-object-page menu-item-561\"><a href=\"https:\/\/euromax.com.az\/?page_id=123\" class=\"elementor-sub-item menu-link\">Tamamlanan layih\u0259l\u0259r<\/a><\/li>\n\t<li class=\"menu-item menu-item-type-post_type menu-item-object-page menu-item-368\"><a href=\"https:\/\/euromax.com.az\/?page_id=355\" class=\"elementor-sub-item menu-link\">Kontaktlar<\/a><\/li>\n\t<li class=\"menu-item menu-item-type-post_type menu-item-object-post menu-item-1170\"><a href=\"https:\/\/euromax.com.az\/?p=1161\" class=\"elementor-sub-item menu-link\">D\u00d6PFNER, KOWA m\u0259hsullar\u0131n qura\u015fd\u0131r\u0131lmas\u0131<\/a><\/li>\n<\/ul>\n<\/li>\n<\/ul>\t\t\t<\/nav>\n\t\t\t\t\t<div class=\"elementor-menu-toggle\" role=\"button\" tabindex=\"0\" aria-label=\"Menu Toggle\" aria-expanded=\"false\">\n\t\t\t<i aria-hidden=\"true\" role=\"presentation\" class=\"elementor-menu-toggle__icon--open eicon-menu-bar\"><\/i><i aria-hidden=\"true\" role=\"presentation\" class=\"elementor-menu-toggle__icon--close eicon-close\"><\/i>\t\t\t<span class=\"elementor-screen-only\">Menu<\/span>\n\t\t<\/div>\n\t\t\t<nav class=\"elementor-nav-menu--dropdown elementor-nav-menu__container\" role=\"navigation\" aria-hidden=\"true\">\n\t\t\t\t<ul id=\"menu-2-7eeb1aea\" class=\"elementor-nav-menu\"><li class=\"menu-item menu-item-type-custom menu-item-object-custom menu-item-has-children menu-item-558\"><a class=\"elementor-item menu-link\" tabindex=\"-1\">EUROMAX LLC<span role=\"presentation\" class=\"dropdown-menu-toggle\" ><\/span><\/a>\n<ul class=\"sub-menu elementor-nav-menu--dropdown\">\n\t<li class=\"menu-item menu-item-type-post_type menu-item-object-page menu-item-140\"><a href=\"https:\/\/euromax.com.az\/?page_id=107\" class=\"elementor-sub-item menu-link\" tabindex=\"-1\">Bizim haqq\u0131m\u0131zda<\/a><\/li>\n\t<li class=\"menu-item menu-item-type-post_type menu-item-object-page menu-item-525\"><a href=\"https:\/\/euromax.com.az\/?page_id=124\" class=\"elementor-sub-item menu-link\" tabindex=\"-1\">Sertifikatlar<\/a><\/li>\n\t<li class=\"menu-item menu-item-type-post_type menu-item-object-page menu-item-561\"><a href=\"https:\/\/euromax.com.az\/?page_id=123\" class=\"elementor-sub-item menu-link\" tabindex=\"-1\">Tamamlanan layih\u0259l\u0259r<\/a><\/li>\n\t<li class=\"menu-item menu-item-type-post_type menu-item-object-page menu-item-368\"><a href=\"https:\/\/euromax.com.az\/?page_id=355\" class=\"elementor-sub-item menu-link\" tabindex=\"-1\">Kontaktlar<\/a><\/li>\n\t<li class=\"menu-item menu-item-type-post_type menu-item-object-post menu-item-1170\"><a href=\"https:\/\/euromax.com.az\/?p=1161\" class=\"elementor-sub-item menu-link\" tabindex=\"-1\">D\u00d6PFNER, KOWA m\u0259hsullar\u0131n qura\u015fd\u0131r\u0131lmas\u0131<\/a><\/li>\n<\/ul>\n<\/li>\n<\/ul>\t\t\t<\/nav>\n\t\t\t\t<\/div>\n\t\t\t\t<\/div>\n\t\t\t\t\t<\/div>\n\t\t<\/div>\n\t\t\t\t<div class=\"elementor-column elementor-col-33 elementor-top-column elementor-element elementor-element-7c1f4d3c animated-slow\" data-id=\"7c1f4d3c\" data-element_type=\"column\" data-settings=\"{&quot;animation&quot;:&quot;none&quot;,&quot;animation_delay&quot;:1900,&quot;background_background&quot;:&quot;classic&quot;}\">\n\t\t\t<div class=\"elementor-widget-wrap elementor-element-populated\">\n\t\t\t\t\t\t\t\t<div class=\"elementor-element elementor-element-2a64de2d elementor-nav-menu__align-justify elementor-nav-menu__text-align-center elementor-nav-menu--dropdown-tablet elementor-widget elementor-widget-nav-menu\" data-id=\"2a64de2d\" data-element_type=\"widget\" data-settings=\"{&quot;submenu_icon&quot;:{&quot;value&quot;:&quot;&lt;i class=\\&quot;\\&quot;&gt;&lt;\\\/i&gt;&quot;,&quot;library&quot;:&quot;&quot;},&quot;layout&quot;:&quot;horizontal&quot;}\" data-widget_type=\"nav-menu.default\">\n\t\t\t\t<div class=\"elementor-widget-container\">\n\t\t\t\t\t\t<nav migration_allowed=\"1\" migrated=\"0\" role=\"navigation\" class=\"elementor-nav-menu--main elementor-nav-menu__container elementor-nav-menu--layout-horizontal e--pointer-none\">\n\t\t\t\t<ul id=\"menu-1-2a64de2d\" class=\"elementor-nav-menu\"><li class=\"menu-item menu-item-type-custom menu-item-object-custom menu-item-has-children menu-item-559\"><a class=\"elementor-item menu-link\">KOWA p\u0259nc\u0259r\u0259 v\u0259 qap\u0131lar<span role=\"presentation\" class=\"dropdown-menu-toggle\" ><\/span><\/a>\n<ul class=\"sub-menu elementor-nav-menu--dropdown\">\n\t<li class=\"menu-item menu-item-type-post_type menu-item-object-page menu-item-1468\"><a href=\"https:\/\/euromax.com.az\/?page_id=1453\" class=\"elementor-sub-item menu-link\">KOWA haqq\u0131nda<\/a><\/li>\n\t<li class=\"menu-item menu-item-type-post_type menu-item-object-page menu-item-141\"><a href=\"https:\/\/euromax.com.az\/?page_id=97\" class=\"elementor-sub-item menu-link\">Taxta p\u0259nc\u0259r\u0259l\u0259r<\/a><\/li>\n\t<li class=\"menu-item menu-item-type-post_type menu-item-object-page menu-item-266\"><a href=\"https:\/\/euromax.com.az\/?page_id=245\" class=\"elementor-sub-item menu-link\">Taxta-al\u00fcminium p\u0259nc\u0259r\u0259l\u0259r<\/a><\/li>\n\t<li class=\"menu-item menu-item-type-post_type menu-item-object-page menu-item-142\"><a href=\"https:\/\/euromax.com.az\/?page_id=83\" class=\"elementor-sub-item menu-link\">Daxili taxta qap\u0131lar<\/a><\/li>\n\t<li class=\"menu-item menu-item-type-post_type menu-item-object-page menu-item-284\"><a href=\"https:\/\/euromax.com.az\/?page_id=268\" class=\"elementor-sub-item menu-link\">Taxta-al\u00fcminium giri\u015f qap\u0131lar\u0131<\/a><\/li>\n<\/ul>\n<\/li>\n<\/ul>\t\t\t<\/nav>\n\t\t\t\t\t<div class=\"elementor-menu-toggle\" role=\"button\" tabindex=\"0\" aria-label=\"Menu Toggle\" aria-expanded=\"false\">\n\t\t\t<i aria-hidden=\"true\" role=\"presentation\" class=\"elementor-menu-toggle__icon--open eicon-menu-bar\"><\/i><i aria-hidden=\"true\" role=\"presentation\" class=\"elementor-menu-toggle__icon--close eicon-close\"><\/i>\t\t\t<span class=\"elementor-screen-only\">Menu<\/span>\n\t\t<\/div>\n\t\t\t<nav class=\"elementor-nav-menu--dropdown elementor-nav-menu__container\" role=\"navigation\" aria-hidden=\"true\">\n\t\t\t\t<ul id=\"menu-2-2a64de2d\" class=\"elementor-nav-menu\"><li class=\"menu-item menu-item-type-custom menu-item-object-custom menu-item-has-children menu-item-559\"><a class=\"elementor-item menu-link\" tabindex=\"-1\">KOWA p\u0259nc\u0259r\u0259 v\u0259 qap\u0131lar<span role=\"presentation\" class=\"dropdown-menu-toggle\" ><\/span><\/a>\n<ul class=\"sub-menu elementor-nav-menu--dropdown\">\n\t<li class=\"menu-item menu-item-type-post_type menu-item-object-page menu-item-1468\"><a href=\"https:\/\/euromax.com.az\/?page_id=1453\" class=\"elementor-sub-item menu-link\" tabindex=\"-1\">KOWA haqq\u0131nda<\/a><\/li>\n\t<li class=\"menu-item menu-item-type-post_type menu-item-object-page menu-item-141\"><a href=\"https:\/\/euromax.com.az\/?page_id=97\" class=\"elementor-sub-item menu-link\" tabindex=\"-1\">Taxta p\u0259nc\u0259r\u0259l\u0259r<\/a><\/li>\n\t<li class=\"menu-item menu-item-type-post_type menu-item-object-page menu-item-266\"><a href=\"https:\/\/euromax.com.az\/?page_id=245\" class=\"elementor-sub-item menu-link\" tabindex=\"-1\">Taxta-al\u00fcminium p\u0259nc\u0259r\u0259l\u0259r<\/a><\/li>\n\t<li class=\"menu-item menu-item-type-post_type menu-item-object-page menu-item-142\"><a href=\"https:\/\/euromax.com.az\/?page_id=83\" class=\"elementor-sub-item menu-link\" tabindex=\"-1\">Daxili taxta qap\u0131lar<\/a><\/li>\n\t<li class=\"menu-item menu-item-type-post_type menu-item-object-page menu-item-284\"><a href=\"https:\/\/euromax.com.az\/?page_id=268\" class=\"elementor-sub-item menu-link\" tabindex=\"-1\">Taxta-al\u00fcminium giri\u015f qap\u0131lar\u0131<\/a><\/li>\n<\/ul>\n<\/li>\n<\/ul>\t\t\t<\/nav>\n\t\t\t\t<\/div>\n\t\t\t\t<\/div>\n\t\t\t\t\t<\/div>\n\t\t<\/div>\n\t\t\t\t<div class=\"elementor-column elementor-col-33 elementor-top-column elementor-element elementor-element-62b48a17 animated-slow\" data-id=\"62b48a17\" data-element_type=\"column\" data-settings=\"{&quot;background_background&quot;:&quot;classic&quot;,&quot;animation&quot;:&quot;none&quot;,&quot;animation_delay&quot;:1900}\">\n\t\t\t<div class=\"elementor-widget-wrap elementor-element-populated\">\n\t\t\t\t\t\t\t\t<div class=\"elementor-element elementor-element-1a0f56a8 elementor-nav-menu__align-justify elementor-nav-menu__text-align-center elementor-nav-menu--dropdown-tablet elementor-widget elementor-widget-nav-menu\" data-id=\"1a0f56a8\" data-element_type=\"widget\" data-settings=\"{&quot;submenu_icon&quot;:{&quot;value&quot;:&quot;&lt;i class=\\&quot;\\&quot;&gt;&lt;\\\/i&gt;&quot;,&quot;library&quot;:&quot;&quot;},&quot;layout&quot;:&quot;horizontal&quot;}\" data-widget_type=\"nav-menu.default\">\n\t\t\t\t<div class=\"elementor-widget-container\">\n\t\t\t\t\t\t<nav migration_allowed=\"1\" migrated=\"0\" role=\"navigation\" class=\"elementor-nav-menu--main elementor-nav-menu__container elementor-nav-menu--layout-horizontal e--pointer-none\">\n\t\t\t\t<ul id=\"menu-1-1a0f56a8\" class=\"elementor-nav-menu\"><li class=\"menu-item menu-item-type-custom menu-item-object-custom menu-item-has-children menu-item-560\"><a class=\"elementor-item menu-link\">D\u00d6PFNER s\u00fcr\u00fc\u015fm\u0259 qap\u0131lar\u0131<span role=\"presentation\" class=\"dropdown-menu-toggle\" ><\/span><\/a>\n<ul class=\"sub-menu elementor-nav-menu--dropdown\">\n\t<li class=\"menu-item menu-item-type-post_type menu-item-object-page menu-item-1485\"><a href=\"https:\/\/euromax.com.az\/?page_id=1478\" class=\"elementor-sub-item menu-link\">D\u00f6pfner Betriebs GmbH haqq\u0131nda<\/a><\/li>\n\t<li class=\"menu-item menu-item-type-post_type menu-item-object-page menu-item-613\"><a href=\"https:\/\/euromax.com.az\/?page_id=504\" class=\"elementor-sub-item menu-link\">D\u00d6PFNER SKYWALL FTS 4.0<\/a><\/li>\n\t<li class=\"menu-item menu-item-type-post_type menu-item-object-page menu-item-611\"><a href=\"https:\/\/euromax.com.az\/?page_id=521\" class=\"elementor-sub-item menu-link\">D\u00d6PFNER HST 3.0<\/a><\/li>\n\t<li class=\"menu-item menu-item-type-post_type menu-item-object-page menu-item-612\"><a href=\"https:\/\/euromax.com.az\/?page_id=519\" class=\"elementor-sub-item menu-link\">D\u00d6PFNER HST 2.0<\/a><\/li>\n\t<li class=\"menu-item menu-item-type-post_type menu-item-object-page menu-item-609\"><a href=\"https:\/\/euromax.com.az\/?page_id=600\" class=\"elementor-sub-item menu-link\">D\u00d6PFNER PSK-T\u00dcREN<\/a><\/li>\n\t<li class=\"menu-item menu-item-type-post_type menu-item-object-page menu-item-614\"><a href=\"https:\/\/euromax.com.az\/?page_id=523\" class=\"elementor-sub-item menu-link\">D\u00d6PFNER PAS-T\u00dcREN<\/a><\/li>\n\t<li class=\"menu-item menu-item-type-post_type menu-item-object-page menu-item-607\"><a href=\"https:\/\/euromax.com.az\/?page_id=604\" class=\"elementor-sub-item menu-link\">D\u00d6PFNER FALT-SCHIEBE-T\u00dcREN<\/a><\/li>\n<\/ul>\n<\/li>\n<\/ul>\t\t\t<\/nav>\n\t\t\t\t\t<div class=\"elementor-menu-toggle\" role=\"button\" tabindex=\"0\" aria-label=\"Menu Toggle\" aria-expanded=\"false\">\n\t\t\t<i aria-hidden=\"true\" role=\"presentation\" class=\"elementor-menu-toggle__icon--open eicon-menu-bar\"><\/i><i aria-hidden=\"true\" role=\"presentation\" class=\"elementor-menu-toggle__icon--close eicon-close\"><\/i>\t\t\t<span class=\"elementor-screen-only\">Menu<\/span>\n\t\t<\/div>\n\t\t\t<nav class=\"elementor-nav-menu--dropdown elementor-nav-menu__container\" role=\"navigation\" aria-hidden=\"true\">\n\t\t\t\t<ul id=\"menu-2-1a0f56a8\" class=\"elementor-nav-menu\"><li class=\"menu-item menu-item-type-custom menu-item-object-custom menu-item-has-children menu-item-560\"><a class=\"elementor-item menu-link\" tabindex=\"-1\">D\u00d6PFNER s\u00fcr\u00fc\u015fm\u0259 qap\u0131lar\u0131<span role=\"presentation\" class=\"dropdown-menu-toggle\" ><\/span><\/a>\n<ul class=\"sub-menu elementor-nav-menu--dropdown\">\n\t<li class=\"menu-item menu-item-type-post_type menu-item-object-page menu-item-1485\"><a href=\"https:\/\/euromax.com.az\/?page_id=1478\" class=\"elementor-sub-item menu-link\" tabindex=\"-1\">D\u00f6pfner Betriebs GmbH haqq\u0131nda<\/a><\/li>\n\t<li class=\"menu-item menu-item-type-post_type menu-item-object-page menu-item-613\"><a href=\"https:\/\/euromax.com.az\/?page_id=504\" class=\"elementor-sub-item menu-link\" tabindex=\"-1\">D\u00d6PFNER SKYWALL FTS 4.0<\/a><\/li>\n\t<li class=\"menu-item menu-item-type-post_type menu-item-object-page menu-item-611\"><a href=\"https:\/\/euromax.com.az\/?page_id=521\" class=\"elementor-sub-item menu-link\" tabindex=\"-1\">D\u00d6PFNER HST 3.0<\/a><\/li>\n\t<li class=\"menu-item menu-item-type-post_type menu-item-object-page menu-item-612\"><a href=\"https:\/\/euromax.com.az\/?page_id=519\" class=\"elementor-sub-item menu-link\" tabindex=\"-1\">D\u00d6PFNER HST 2.0<\/a><\/li>\n\t<li class=\"menu-item menu-item-type-post_type menu-item-object-page menu-item-609\"><a href=\"https:\/\/euromax.com.az\/?page_id=600\" class=\"elementor-sub-item menu-link\" tabindex=\"-1\">D\u00d6PFNER PSK-T\u00dcREN<\/a><\/li>\n\t<li class=\"menu-item menu-item-type-post_type menu-item-object-page menu-item-614\"><a href=\"https:\/\/euromax.com.az\/?page_id=523\" class=\"elementor-sub-item menu-link\" tabindex=\"-1\">D\u00d6PFNER PAS-T\u00dcREN<\/a><\/li>\n\t<li class=\"menu-item menu-item-type-post_type menu-item-object-page menu-item-607\"><a href=\"https:\/\/euromax.com.az\/?page_id=604\" class=\"elementor-sub-item menu-link\" tabindex=\"-1\">D\u00d6PFNER FALT-SCHIEBE-T\u00dcREN<\/a><\/li>\n<\/ul>\n<\/li>\n<\/ul>\t\t\t<\/nav>\n\t\t\t\t<\/div>\n\t\t\t\t<\/div>\n\t\t\t\t\t<\/div>\n\t\t<\/div>\n\t\t\t\t\t\t\t<\/div>\n\t\t<\/section>\n\t\t\t\t\t\t\t<\/div>\n\t\t","protected":false},"excerpt":{"rendered":"","protected":false},"author":2,"featured_media":0,"parent":0,"menu_order":0,"comment_status":"closed","ping_status":"closed","template":"","meta":{"om_disable_all_campaigns":false,"_monsterinsights_skip_tracking":false,"_monsterinsights_sitenote_active":false,"_monsterinsights_sitenote_note":"","_monsterinsights_sitenote_category":0,"site-sidebar-layout":"no-sidebar","site-content-layout":"page-builder","ast-global-header-display":"","ast-main-header-display":"","ast-hfb-above-header-display":"","ast-hfb-below-header-display":"","ast-hfb-mobile-header-display":"","site-post-title":"disabled","ast-breadcrumbs-content":"","ast-featured-img":"disabled","footer-sml-layout":"","theme-transparent-header-meta":"","adv-header-id-meta":"","stick-header-meta":"","header-above-stick-meta":"","header-main-stick-meta":"","header-below-stick-meta":"","footnotes":""},"class_list":["post-114","page","type-page","status-publish","hentry"],"aioseo_notices":[],"_links":{"self":[{"href":"https:\/\/euromax.com.az\/index.php?rest_route=\/wp\/v2\/pages\/114"}],"collection":[{"href":"https:\/\/euromax.com.az\/index.php?rest_route=\/wp\/v2\/pages"}],"about":[{"href":"https:\/\/euromax.com.az\/index.php?rest_route=\/wp\/v2\/types\/page"}],"author":[{"embeddable":true,"href":"https:\/\/euromax.com.az\/index.php?rest_route=\/wp\/v2\/users\/2"}],"replies":[{"embeddable":true,"href":"https:\/\/euromax.com.az\/index.php?rest_route=%2Fwp%2Fv2%2Fcomments&post=114"}],"version-history":[{"count":46,"href":"https:\/\/euromax.com.az\/index.php?rest_route=\/wp\/v2\/pages\/114\/revisions"}],"predecessor-version":[{"id":1789,"href":"https:\/\/euromax.com.az\/index.php?rest_route=\/wp\/v2\/pages\/114\/revisions\/1789"}],"wp:attachment":[{"href":"https:\/\/euromax.com.az\/index.php?rest_route=%2Fwp%2Fv2%2Fmedia&parent=114"}],"curies":[{"name":"wp","href":"https:\/\/api.w.org\/{rel}","templated":true}]}}