{"id":107,"date":"2022-07-22T19:50:29","date_gmt":"2022-07-22T16:50:29","guid":{"rendered":"http:\/\/euromax.com.az\/?page_id=107"},"modified":"2023-06-08T10:49:48","modified_gmt":"2023-06-08T07:49:48","slug":"%d0%be-%d0%bd%d0%b0%d1%81","status":"publish","type":"page","link":"https:\/\/euromax.com.az\/?page_id=107","title":{"rendered":"Bizim haqq\u0131m\u0131zda"},"content":{"rendered":"\t\t<div data-elementor-type=\"wp-page\" data-elementor-id=\"107\" class=\"elementor elementor-107\">\n\t\t\t\t\t\t\t\t\t<section class=\"elementor-section elementor-top-section elementor-element elementor-element-843b17e elementor-section-stretched elementor-section-boxed elementor-section-height-default elementor-section-height-default\" data-id=\"843b17e\" data-element_type=\"section\" data-settings=\"{&quot;background_background&quot;:&quot;classic&quot;,&quot;stretch_section&quot;:&quot;section-stretched&quot;}\">\n\t\t\t\t\t\t<div class=\"elementor-container elementor-column-gap-default\">\n\t\t\t\t\t<div class=\"elementor-column elementor-col-33 elementor-top-column elementor-element elementor-element-ed8be89 animated-slow\" data-id=\"ed8be89\" data-element_type=\"column\" data-settings=\"{&quot;animation&quot;:&quot;none&quot;,&quot;animation_delay&quot;:1900,&quot;background_background&quot;:&quot;classic&quot;}\">\n\t\t\t<div class=\"elementor-widget-wrap elementor-element-populated\">\n\t\t\t\t\t\t\t\t<div class=\"elementor-element elementor-element-9ff393e elementor-nav-menu__align-center elementor-nav-menu__text-align-center elementor-nav-menu--dropdown-tablet elementor-widget elementor-widget-nav-menu\" data-id=\"9ff393e\" data-element_type=\"widget\" data-settings=\"{&quot;submenu_icon&quot;:{&quot;value&quot;:&quot;&lt;i class=\\&quot;\\&quot;&gt;&lt;\\\/i&gt;&quot;,&quot;library&quot;:&quot;&quot;},&quot;layout&quot;:&quot;horizontal&quot;}\" data-widget_type=\"nav-menu.default\">\n\t\t\t\t<div class=\"elementor-widget-container\">\n\t\t\t<link rel=\"stylesheet\" href=\"https:\/\/euromax.com.az\/wp-content\/plugins\/elementor-pro\/assets\/css\/widget-nav-menu.min.css\">\t\t\t<nav migration_allowed=\"1\" migrated=\"0\" role=\"navigation\" class=\"elementor-nav-menu--main elementor-nav-menu__container elementor-nav-menu--layout-horizontal e--pointer-none\">\n\t\t\t\t<ul id=\"menu-1-9ff393e\" class=\"elementor-nav-menu\"><li class=\"menu-item menu-item-type-custom menu-item-object-custom menu-item-has-children menu-item-558\"><a class=\"elementor-item menu-link\">EUROMAX LLC<span role=\"presentation\" class=\"dropdown-menu-toggle\" ><\/span><\/a>\n<ul class=\"sub-menu elementor-nav-menu--dropdown\">\n\t<li class=\"menu-item menu-item-type-post_type menu-item-object-page menu-item-140\"><a href=\"https:\/\/euromax.com.az\/?page_id=107\" class=\"elementor-sub-item menu-link\">Bizim haqq\u0131m\u0131zda<\/a><\/li>\n\t<li class=\"menu-item menu-item-type-post_type menu-item-object-page menu-item-525\"><a href=\"https:\/\/euromax.com.az\/?page_id=124\" class=\"elementor-sub-item menu-link\">Sertifikatlar<\/a><\/li>\n\t<li class=\"menu-item menu-item-type-post_type menu-item-object-page menu-item-561\"><a href=\"https:\/\/euromax.com.az\/?page_id=123\" class=\"elementor-sub-item menu-link\">Tamamlanan layih\u0259l\u0259r<\/a><\/li>\n\t<li class=\"menu-item menu-item-type-post_type menu-item-object-page menu-item-368\"><a href=\"https:\/\/euromax.com.az\/?page_id=355\" class=\"elementor-sub-item menu-link\">Kontaktlar<\/a><\/li>\n\t<li class=\"menu-item menu-item-type-post_type menu-item-object-post menu-item-1170\"><a href=\"https:\/\/euromax.com.az\/?p=1161\" class=\"elementor-sub-item menu-link\">D\u00d6PFNER, KOWA m\u0259hsullar\u0131n qura\u015fd\u0131r\u0131lmas\u0131<\/a><\/li>\n<\/ul>\n<\/li>\n<\/ul>\t\t\t<\/nav>\n\t\t\t\t\t<div class=\"elementor-menu-toggle\" role=\"button\" tabindex=\"0\" aria-label=\"Menu Toggle\" aria-expanded=\"false\">\n\t\t\t<i aria-hidden=\"true\" role=\"presentation\" class=\"elementor-menu-toggle__icon--open eicon-menu-bar\"><\/i><i aria-hidden=\"true\" role=\"presentation\" class=\"elementor-menu-toggle__icon--close eicon-close\"><\/i>\t\t\t<span class=\"elementor-screen-only\">Menu<\/span>\n\t\t<\/div>\n\t\t\t<nav class=\"elementor-nav-menu--dropdown elementor-nav-menu__container\" role=\"navigation\" aria-hidden=\"true\">\n\t\t\t\t<ul id=\"menu-2-9ff393e\" class=\"elementor-nav-menu\"><li class=\"menu-item menu-item-type-custom menu-item-object-custom menu-item-has-children menu-item-558\"><a class=\"elementor-item menu-link\" tabindex=\"-1\">EUROMAX LLC<span role=\"presentation\" class=\"dropdown-menu-toggle\" ><\/span><\/a>\n<ul class=\"sub-menu elementor-nav-menu--dropdown\">\n\t<li class=\"menu-item menu-item-type-post_type menu-item-object-page menu-item-140\"><a href=\"https:\/\/euromax.com.az\/?page_id=107\" class=\"elementor-sub-item menu-link\" tabindex=\"-1\">Bizim haqq\u0131m\u0131zda<\/a><\/li>\n\t<li class=\"menu-item menu-item-type-post_type menu-item-object-page menu-item-525\"><a href=\"https:\/\/euromax.com.az\/?page_id=124\" class=\"elementor-sub-item menu-link\" tabindex=\"-1\">Sertifikatlar<\/a><\/li>\n\t<li class=\"menu-item menu-item-type-post_type menu-item-object-page menu-item-561\"><a href=\"https:\/\/euromax.com.az\/?page_id=123\" class=\"elementor-sub-item menu-link\" tabindex=\"-1\">Tamamlanan layih\u0259l\u0259r<\/a><\/li>\n\t<li class=\"menu-item menu-item-type-post_type menu-item-object-page menu-item-368\"><a href=\"https:\/\/euromax.com.az\/?page_id=355\" class=\"elementor-sub-item menu-link\" tabindex=\"-1\">Kontaktlar<\/a><\/li>\n\t<li class=\"menu-item menu-item-type-post_type menu-item-object-post menu-item-1170\"><a href=\"https:\/\/euromax.com.az\/?p=1161\" class=\"elementor-sub-item menu-link\" tabindex=\"-1\">D\u00d6PFNER, KOWA m\u0259hsullar\u0131n qura\u015fd\u0131r\u0131lmas\u0131<\/a><\/li>\n<\/ul>\n<\/li>\n<\/ul>\t\t\t<\/nav>\n\t\t\t\t<\/div>\n\t\t\t\t<\/div>\n\t\t\t\t\t<\/div>\n\t\t<\/div>\n\t\t\t\t<div class=\"elementor-column elementor-col-33 elementor-top-column elementor-element elementor-element-98f879d animated-slow\" data-id=\"98f879d\" data-element_type=\"column\" data-settings=\"{&quot;animation&quot;:&quot;none&quot;,&quot;animation_delay&quot;:1900,&quot;background_background&quot;:&quot;classic&quot;}\">\n\t\t\t<div class=\"elementor-widget-wrap elementor-element-populated\">\n\t\t\t\t\t\t\t\t<div class=\"elementor-element elementor-element-fb9ce3f elementor-nav-menu__align-center elementor-nav-menu__text-align-center elementor-nav-menu--dropdown-tablet elementor-widget elementor-widget-nav-menu\" data-id=\"fb9ce3f\" data-element_type=\"widget\" data-settings=\"{&quot;submenu_icon&quot;:{&quot;value&quot;:&quot;&lt;i class=\\&quot;\\&quot;&gt;&lt;\\\/i&gt;&quot;,&quot;library&quot;:&quot;&quot;},&quot;layout&quot;:&quot;horizontal&quot;}\" data-widget_type=\"nav-menu.default\">\n\t\t\t\t<div class=\"elementor-widget-container\">\n\t\t\t\t\t\t<nav migration_allowed=\"1\" migrated=\"0\" role=\"navigation\" class=\"elementor-nav-menu--main elementor-nav-menu__container elementor-nav-menu--layout-horizontal e--pointer-none\">\n\t\t\t\t<ul id=\"menu-1-fb9ce3f\" class=\"elementor-nav-menu\"><li class=\"menu-item menu-item-type-custom menu-item-object-custom menu-item-has-children menu-item-559\"><a class=\"elementor-item menu-link\">KOWA p\u0259nc\u0259r\u0259 v\u0259 qap\u0131lar<span role=\"presentation\" class=\"dropdown-menu-toggle\" ><\/span><\/a>\n<ul class=\"sub-menu elementor-nav-menu--dropdown\">\n\t<li class=\"menu-item menu-item-type-post_type menu-item-object-page menu-item-1468\"><a href=\"https:\/\/euromax.com.az\/?page_id=1453\" class=\"elementor-sub-item menu-link\">KOWA haqq\u0131nda<\/a><\/li>\n\t<li class=\"menu-item menu-item-type-post_type menu-item-object-page menu-item-141\"><a href=\"https:\/\/euromax.com.az\/?page_id=97\" class=\"elementor-sub-item menu-link\">Taxta p\u0259nc\u0259r\u0259l\u0259r<\/a><\/li>\n\t<li class=\"menu-item menu-item-type-post_type menu-item-object-page menu-item-266\"><a href=\"https:\/\/euromax.com.az\/?page_id=245\" class=\"elementor-sub-item menu-link\">Taxta-al\u00fcminium p\u0259nc\u0259r\u0259l\u0259r<\/a><\/li>\n\t<li class=\"menu-item menu-item-type-post_type menu-item-object-page menu-item-142\"><a href=\"https:\/\/euromax.com.az\/?page_id=83\" class=\"elementor-sub-item menu-link\">Daxili taxta qap\u0131lar<\/a><\/li>\n\t<li class=\"menu-item menu-item-type-post_type menu-item-object-page menu-item-284\"><a href=\"https:\/\/euromax.com.az\/?page_id=268\" class=\"elementor-sub-item menu-link\">Taxta-al\u00fcminium giri\u015f qap\u0131lar\u0131<\/a><\/li>\n<\/ul>\n<\/li>\n<\/ul>\t\t\t<\/nav>\n\t\t\t\t\t<div class=\"elementor-menu-toggle\" role=\"button\" tabindex=\"0\" aria-label=\"Menu Toggle\" aria-expanded=\"false\">\n\t\t\t<i aria-hidden=\"true\" role=\"presentation\" class=\"elementor-menu-toggle__icon--open eicon-menu-bar\"><\/i><i aria-hidden=\"true\" role=\"presentation\" class=\"elementor-menu-toggle__icon--close eicon-close\"><\/i>\t\t\t<span class=\"elementor-screen-only\">Menu<\/span>\n\t\t<\/div>\n\t\t\t<nav class=\"elementor-nav-menu--dropdown elementor-nav-menu__container\" role=\"navigation\" aria-hidden=\"true\">\n\t\t\t\t<ul id=\"menu-2-fb9ce3f\" class=\"elementor-nav-menu\"><li class=\"menu-item menu-item-type-custom menu-item-object-custom menu-item-has-children menu-item-559\"><a class=\"elementor-item menu-link\" tabindex=\"-1\">KOWA p\u0259nc\u0259r\u0259 v\u0259 qap\u0131lar<span role=\"presentation\" class=\"dropdown-menu-toggle\" ><\/span><\/a>\n<ul class=\"sub-menu elementor-nav-menu--dropdown\">\n\t<li class=\"menu-item menu-item-type-post_type menu-item-object-page menu-item-1468\"><a href=\"https:\/\/euromax.com.az\/?page_id=1453\" class=\"elementor-sub-item menu-link\" tabindex=\"-1\">KOWA haqq\u0131nda<\/a><\/li>\n\t<li class=\"menu-item menu-item-type-post_type menu-item-object-page menu-item-141\"><a href=\"https:\/\/euromax.com.az\/?page_id=97\" class=\"elementor-sub-item menu-link\" tabindex=\"-1\">Taxta p\u0259nc\u0259r\u0259l\u0259r<\/a><\/li>\n\t<li class=\"menu-item menu-item-type-post_type menu-item-object-page menu-item-266\"><a href=\"https:\/\/euromax.com.az\/?page_id=245\" class=\"elementor-sub-item menu-link\" tabindex=\"-1\">Taxta-al\u00fcminium p\u0259nc\u0259r\u0259l\u0259r<\/a><\/li>\n\t<li class=\"menu-item menu-item-type-post_type menu-item-object-page menu-item-142\"><a href=\"https:\/\/euromax.com.az\/?page_id=83\" class=\"elementor-sub-item menu-link\" tabindex=\"-1\">Daxili taxta qap\u0131lar<\/a><\/li>\n\t<li class=\"menu-item menu-item-type-post_type menu-item-object-page menu-item-284\"><a href=\"https:\/\/euromax.com.az\/?page_id=268\" class=\"elementor-sub-item menu-link\" tabindex=\"-1\">Taxta-al\u00fcminium giri\u015f qap\u0131lar\u0131<\/a><\/li>\n<\/ul>\n<\/li>\n<\/ul>\t\t\t<\/nav>\n\t\t\t\t<\/div>\n\t\t\t\t<\/div>\n\t\t\t\t\t<\/div>\n\t\t<\/div>\n\t\t\t\t<div class=\"elementor-column elementor-col-33 elementor-top-column elementor-element elementor-element-708a6e2 animated-slow\" data-id=\"708a6e2\" data-element_type=\"column\" data-settings=\"{&quot;background_background&quot;:&quot;classic&quot;,&quot;animation&quot;:&quot;none&quot;,&quot;animation_delay&quot;:1900}\">\n\t\t\t<div class=\"elementor-widget-wrap elementor-element-populated\">\n\t\t\t\t\t\t\t\t<div class=\"elementor-element elementor-element-8904180 elementor-nav-menu__align-center elementor-nav-menu__text-align-center elementor-nav-menu--dropdown-tablet elementor-widget elementor-widget-nav-menu\" data-id=\"8904180\" data-element_type=\"widget\" data-settings=\"{&quot;submenu_icon&quot;:{&quot;value&quot;:&quot;&lt;i class=\\&quot;\\&quot;&gt;&lt;\\\/i&gt;&quot;,&quot;library&quot;:&quot;&quot;},&quot;layout&quot;:&quot;horizontal&quot;}\" data-widget_type=\"nav-menu.default\">\n\t\t\t\t<div class=\"elementor-widget-container\">\n\t\t\t\t\t\t<nav migration_allowed=\"1\" migrated=\"0\" role=\"navigation\" class=\"elementor-nav-menu--main elementor-nav-menu__container elementor-nav-menu--layout-horizontal e--pointer-none\">\n\t\t\t\t<ul id=\"menu-1-8904180\" class=\"elementor-nav-menu\"><li class=\"menu-item menu-item-type-custom menu-item-object-custom menu-item-has-children menu-item-560\"><a class=\"elementor-item menu-link\">D\u00d6PFNER s\u00fcr\u00fc\u015fm\u0259 qap\u0131lar\u0131<span role=\"presentation\" class=\"dropdown-menu-toggle\" ><\/span><\/a>\n<ul class=\"sub-menu elementor-nav-menu--dropdown\">\n\t<li class=\"menu-item menu-item-type-post_type menu-item-object-page menu-item-1485\"><a href=\"https:\/\/euromax.com.az\/?page_id=1478\" class=\"elementor-sub-item menu-link\">D\u00f6pfner Betriebs GmbH haqq\u0131nda<\/a><\/li>\n\t<li class=\"menu-item menu-item-type-post_type menu-item-object-page menu-item-613\"><a href=\"https:\/\/euromax.com.az\/?page_id=504\" class=\"elementor-sub-item menu-link\">D\u00d6PFNER SKYWALL FTS 4.0<\/a><\/li>\n\t<li class=\"menu-item menu-item-type-post_type menu-item-object-page menu-item-611\"><a href=\"https:\/\/euromax.com.az\/?page_id=521\" class=\"elementor-sub-item menu-link\">D\u00d6PFNER HST 3.0<\/a><\/li>\n\t<li class=\"menu-item menu-item-type-post_type menu-item-object-page menu-item-612\"><a href=\"https:\/\/euromax.com.az\/?page_id=519\" class=\"elementor-sub-item menu-link\">D\u00d6PFNER HST 2.0<\/a><\/li>\n\t<li class=\"menu-item menu-item-type-post_type menu-item-object-page menu-item-609\"><a href=\"https:\/\/euromax.com.az\/?page_id=600\" class=\"elementor-sub-item menu-link\">D\u00d6PFNER PSK-T\u00dcREN<\/a><\/li>\n\t<li class=\"menu-item menu-item-type-post_type menu-item-object-page menu-item-614\"><a href=\"https:\/\/euromax.com.az\/?page_id=523\" class=\"elementor-sub-item menu-link\">D\u00d6PFNER PAS-T\u00dcREN<\/a><\/li>\n\t<li class=\"menu-item menu-item-type-post_type menu-item-object-page menu-item-607\"><a href=\"https:\/\/euromax.com.az\/?page_id=604\" class=\"elementor-sub-item menu-link\">D\u00d6PFNER FALT-SCHIEBE-T\u00dcREN<\/a><\/li>\n<\/ul>\n<\/li>\n<\/ul>\t\t\t<\/nav>\n\t\t\t\t\t<div class=\"elementor-menu-toggle\" role=\"button\" tabindex=\"0\" aria-label=\"Menu Toggle\" aria-expanded=\"false\">\n\t\t\t<i aria-hidden=\"true\" role=\"presentation\" class=\"elementor-menu-toggle__icon--open eicon-menu-bar\"><\/i><i aria-hidden=\"true\" role=\"presentation\" class=\"elementor-menu-toggle__icon--close eicon-close\"><\/i>\t\t\t<span class=\"elementor-screen-only\">Menu<\/span>\n\t\t<\/div>\n\t\t\t<nav class=\"elementor-nav-menu--dropdown elementor-nav-menu__container\" role=\"navigation\" aria-hidden=\"true\">\n\t\t\t\t<ul id=\"menu-2-8904180\" class=\"elementor-nav-menu\"><li class=\"menu-item menu-item-type-custom menu-item-object-custom menu-item-has-children menu-item-560\"><a class=\"elementor-item menu-link\" tabindex=\"-1\">D\u00d6PFNER s\u00fcr\u00fc\u015fm\u0259 qap\u0131lar\u0131<span role=\"presentation\" class=\"dropdown-menu-toggle\" ><\/span><\/a>\n<ul class=\"sub-menu elementor-nav-menu--dropdown\">\n\t<li class=\"menu-item menu-item-type-post_type menu-item-object-page menu-item-1485\"><a href=\"https:\/\/euromax.com.az\/?page_id=1478\" class=\"elementor-sub-item menu-link\" tabindex=\"-1\">D\u00f6pfner Betriebs GmbH haqq\u0131nda<\/a><\/li>\n\t<li class=\"menu-item menu-item-type-post_type menu-item-object-page menu-item-613\"><a href=\"https:\/\/euromax.com.az\/?page_id=504\" class=\"elementor-sub-item menu-link\" tabindex=\"-1\">D\u00d6PFNER SKYWALL FTS 4.0<\/a><\/li>\n\t<li class=\"menu-item menu-item-type-post_type menu-item-object-page menu-item-611\"><a href=\"https:\/\/euromax.com.az\/?page_id=521\" class=\"elementor-sub-item menu-link\" tabindex=\"-1\">D\u00d6PFNER HST 3.0<\/a><\/li>\n\t<li class=\"menu-item menu-item-type-post_type menu-item-object-page menu-item-612\"><a href=\"https:\/\/euromax.com.az\/?page_id=519\" class=\"elementor-sub-item menu-link\" tabindex=\"-1\">D\u00d6PFNER HST 2.0<\/a><\/li>\n\t<li class=\"menu-item menu-item-type-post_type menu-item-object-page menu-item-609\"><a href=\"https:\/\/euromax.com.az\/?page_id=600\" class=\"elementor-sub-item menu-link\" tabindex=\"-1\">D\u00d6PFNER PSK-T\u00dcREN<\/a><\/li>\n\t<li class=\"menu-item menu-item-type-post_type menu-item-object-page menu-item-614\"><a href=\"https:\/\/euromax.com.az\/?page_id=523\" class=\"elementor-sub-item menu-link\" tabindex=\"-1\">D\u00d6PFNER PAS-T\u00dcREN<\/a><\/li>\n\t<li class=\"menu-item menu-item-type-post_type menu-item-object-page menu-item-607\"><a href=\"https:\/\/euromax.com.az\/?page_id=604\" class=\"elementor-sub-item menu-link\" tabindex=\"-1\">D\u00d6PFNER FALT-SCHIEBE-T\u00dcREN<\/a><\/li>\n<\/ul>\n<\/li>\n<\/ul>\t\t\t<\/nav>\n\t\t\t\t<\/div>\n\t\t\t\t<\/div>\n\t\t\t\t\t<\/div>\n\t\t<\/div>\n\t\t\t\t\t\t\t<\/div>\n\t\t<\/section>\n\t\t\t\t<section class=\"elementor-section elementor-top-section elementor-element elementor-element-a4dfd2d elementor-section-full_width elementor-section-height-default elementor-section-height-default\" data-id=\"a4dfd2d\" data-element_type=\"section\">\n\t\t\t\t\t\t<div class=\"elementor-container elementor-column-gap-default\">\n\t\t\t\t\t<div class=\"elementor-column elementor-col-50 elementor-top-column elementor-element elementor-element-ceab90b\" data-id=\"ceab90b\" data-element_type=\"column\">\n\t\t\t<div class=\"elementor-widget-wrap elementor-element-populated\">\n\t\t\t\t\t\t\t\t<div class=\"elementor-element elementor-element-6a01af5 elementor-widget elementor-widget-text-editor\" data-id=\"6a01af5\" data-element_type=\"widget\" data-widget_type=\"text-editor.default\">\n\t\t\t\t<div class=\"elementor-widget-container\">\n\t\t\t<style>\/*! elementor - v3.6.6 - 08-06-2022 *\/\n.elementor-widget-text-editor.elementor-drop-cap-view-stacked .elementor-drop-cap{background-color:#818a91;color:#fff}.elementor-widget-text-editor.elementor-drop-cap-view-framed .elementor-drop-cap{color:#818a91;border:3px solid;background-color:transparent}.elementor-widget-text-editor:not(.elementor-drop-cap-view-default) .elementor-drop-cap{margin-top:8px}.elementor-widget-text-editor:not(.elementor-drop-cap-view-default) .elementor-drop-cap-letter{width:1em;height:1em}.elementor-widget-text-editor .elementor-drop-cap{float:left;text-align:center;line-height:1;font-size:50px}.elementor-widget-text-editor .elementor-drop-cap-letter{display:inline-block}<\/style>\t\t\t\t<h6 style=\"text-align: center;\"><strong>EUROMAX MMC 2007-ci ild\u0259 Bak\u0131da yarad\u0131lm\u0131\u015fd\u0131r.<\/strong><\/h6><h6>\u015eirk\u0259tin \u0259sas f\u0259aliyy\u0259ti a\u015fa\u011f\u0131dak\u0131 m\u0259hsullar\u0131n istehsal\u0131d\u0131r:<\/h6><p>1) taxta v\u0259 taxta-al\u00fcminium p\u0259nc\u0259r\u0259l\u0259r;<\/p><p>2) taxta-al\u00fcminium giri\u015f v\u0259 daxili taxta (\u015fam\/pal\u0131d) qap\u0131lar;<\/p><p>3) taxta v\u0259 taxta-al\u00fcminium s\u00fcr\u00fc\u015fm\u0259 v\u0259 s\u00fcrg\u00fcl\u00fc qap\u0131lar.<\/p><p>2022-ci ild\u0259n &#8220;Euromax&#8221; MMC Almaniya \u015firk\u0259tl\u0259rinin \u2013<a href=\"https:\/\/euromax.com.az\/?page_id=1453\"> \u201cKOWA Holzbearbeitung\u201d GmbH<\/a> v\u0259<a href=\"https:\/\/euromax.com.az\/?page_id=1478\"> \u201cD\u00f6pfner Betriebs\u201d GmbH-<\/a>nin taxta-al\u00fcminium p\u0259nc\u0259r\u0259 v\u0259 qap\u0131lar\u0131n\u0131n Az\u0259rbaycanda sat\u0131\u015f\u0131 \u00fczr\u0259 ekskl\u00fcziv dileridir.\u00a0Alman istehsal\u00e7\u0131lar\u0131n\u0131n m\u0259hsullar\u0131 h\u0259mi\u015f\u0259 \u00fcst\u00fcn keyfiyy\u0259ti v\u0259 etibarl\u0131l\u0131\u011f\u0131 il\u0259 m\u0259\u015fhurdur.\u00a0M\u00fck\u0259mm\u0259l keyfiyy\u0259tl\u0259 yana\u015f\u0131, alman p\u0259nc\u0259r\u0259 v\u0259 qap\u0131lar\u0131 g\u00f6z\u0259l dizaynd\u0131r, b\u00fct\u00fcn strukturun v\u0259 onun komponentl\u0259rinin \u0259n x\u0131rda t\u0259f\u0259rr\u00fcatlar\u0131na q\u0259d\u0259r d\u00fc\u015f\u00fcn\u00fclm\u00fc\u015fd\u00fcr, h\u0259m\u00e7inin onlar\u0131n istehsal\u0131n\u0131n y\u00fcks\u0259k texnologiyal\u0131 prosesidir!<\/p><p>EUROMAX MMC m\u00fcasir alman texnologiyas\u0131 il\u0259\u00a0taxta p\u0259nc\u0259r\u0259l\u0259r, taxta masiv a\u011facdan (\u015fam, pal\u0131d) daxili qap\u0131lar, h\u0259m\u00e7inin taxta-al\u00fcminium p\u0259nc\u0259r\u0259l\u0259r, giri\u015f v\u0259 s\u00fcr\u00fc\u015fm\u0259 p\u0259nc\u0259r\u0259l\u0259r istehsal edir.\u00a0\u0130stehsalata c\u0259lb olunan \u015firk\u0259tin i\u015f\u00e7il\u0259rinin \u0259sas hiss\u0259si Bak\u0131da alman \u015firk\u0259tl\u0259rinin \u0259m\u0259kda\u015flar\u0131 t\u0259r\u0259find\u0259n ke\u00e7iril\u0259n treninql\u0259rd\u0259 v\u0259 ya Almaniyada kurslarda t\u0259hsil al\u0131b.\u00a0Y\u00fcks\u0259k ixtisasl\u0131 m\u00fct\u0259x\u0259ssisl\u0259r m\u00fc\u0259ssis\u0259nin u\u011furunda h\u0259lledicidir!<\/p><p>P\u0259nc\u0259r\u0259 v\u0259 qap\u0131lar\u0131n istehsal\u0131nda &#8211; haz\u0131r alman p\u0259nc\u0259r\u0259 v\u0259 qap\u0131 \u015fam\u0131ndan v\u0259 ya pal\u0131ddan \u015fponlu tirl\u0259rd\u0259n istifad\u0259 olunur.\u00a0M\u00fcasir <a href=\"https:\/\/az.wikipedia.org\/wiki\/Almaniya\">Alman<\/a> istehsal texnologiyas\u0131n\u0131n istifad\u0259si say\u0259sind\u0259 haz\u0131r m\u0259hsul b\u00fct\u00fcn m\u00fcasir Avropa Keyfiyy\u0259t Standartlar\u0131na cavab ver\u0259n y\u00fcks\u0259k keyfiyy\u0259tlidir!<\/p><p>T\u0259l\u0259bimiz: \u018fn X\u0131rda Detallara Q\u0259d\u0259r Birinci D\u0259r\u0259c\u0259li Keyfiyy\u0259t!<\/p>\t\t\t\t\t\t<\/div>\n\t\t\t\t<\/div>\n\t\t\t\t\t<\/div>\n\t\t<\/div>\n\t\t\t\t<div class=\"elementor-column elementor-col-50 elementor-top-column elementor-element elementor-element-12cd3f44\" data-id=\"12cd3f44\" data-element_type=\"column\" data-settings=\"{&quot;background_background&quot;:&quot;slideshow&quot;,&quot;background_slideshow_gallery&quot;:[{&quot;id&quot;:108,&quot;url&quot;:&quot;http:\\\/\\\/euromax.com.az\\\/wp-content\\\/uploads\\\/2022\\\/07\\\/103-1.jpg&quot;},{&quot;id&quot;:109,&quot;url&quot;:&quot;http:\\\/\\\/euromax.com.az\\\/wp-content\\\/uploads\\\/2022\\\/07\\\/102-1.jpg&quot;},{&quot;id&quot;:110,&quot;url&quot;:&quot;http:\\\/\\\/euromax.com.az\\\/wp-content\\\/uploads\\\/2022\\\/07\\\/101-1.jpg&quot;},{&quot;id&quot;:111,&quot;url&quot;:&quot;http:\\\/\\\/euromax.com.az\\\/wp-content\\\/uploads\\\/2022\\\/07\\\/100-1.jpg&quot;}],&quot;background_slideshow_slide_duration&quot;:2000,&quot;background_slideshow_transition_duration&quot;:3000,&quot;background_slideshow_ken_burns&quot;:&quot;yes&quot;,&quot;background_slideshow_ken_burns_zoom_direction&quot;:&quot;out&quot;,&quot;background_slideshow_loop&quot;:&quot;yes&quot;,&quot;background_slideshow_slide_transition&quot;:&quot;fade&quot;}\">\n\t\t\t<div class=\"elementor-widget-wrap\">\n\t\t\t\t\t\t\t\t\t<\/div>\n\t\t<\/div>\n\t\t\t\t\t\t\t<\/div>\n\t\t<\/section>\n\t\t\t\t<section class=\"elementor-section elementor-top-section elementor-element elementor-element-d3bcf46 elementor-section-boxed elementor-section-height-default elementor-section-height-default\" data-id=\"d3bcf46\" data-element_type=\"section\">\n\t\t\t\t\t\t<div class=\"elementor-container elementor-column-gap-default\">\n\t\t\t\t\t<div class=\"elementor-column elementor-col-100 elementor-top-column elementor-element elementor-element-f4f9914\" data-id=\"f4f9914\" data-element_type=\"column\">\n\t\t\t<div class=\"elementor-widget-wrap elementor-element-populated\">\n\t\t\t\t\t\t\t\t<div class=\"elementor-element elementor-element-4f4319d elementor-widget elementor-widget-text-editor\" data-id=\"4f4319d\" data-element_type=\"widget\" data-widget_type=\"text-editor.default\">\n\t\t\t\t<div class=\"elementor-widget-container\">\n\t\t\t\t\t\t\t<p style=\"text-align: center;\">M\u0259hsullar v\u0259 \u00e7atd\u0131r\u0131lma haqq\u0131nda daha \u0259trafl\u0131 m\u0259lumata ehtiyac\u0131n\u0131z varsa, \u0259laq\u0259 b\u00f6lm\u0259sind\u0259ki \u00fcnvanda<a href=\"https:\/\/euromax.com.az\/?page_id=355\"> biziml\u0259 \u0259laq\u0259 saxlay\u0131n.<\/a><\/p>\t\t\t\t\t\t<\/div>\n\t\t\t\t<\/div>\n\t\t\t\t\t<\/div>\n\t\t<\/div>\n\t\t\t\t\t\t\t<\/div>\n\t\t<\/section>\n\t\t\t\t\t\t\t<\/div>\n\t\t","protected":false},"excerpt":{"rendered":"<p>EUROMAX MMC 2007-ci ild\u0259 Bak\u0131da yarad\u0131lm\u0131\u015fd\u0131r. \u015eirk\u0259tin \u0259sas f\u0259aliyy\u0259ti a\u015fa\u011f\u0131dak\u0131 m\u0259hsullar\u0131n istehsal\u0131d\u0131r: 1) taxta v\u0259 taxta-al\u00fcminium p\u0259nc\u0259r\u0259l\u0259r; 2) taxta-al\u00fcminium giri\u015f v\u0259 daxili taxta (\u015fam\/pal\u0131d) qap\u0131lar; 3) taxta v\u0259 taxta-al\u00fcminium s\u00fcr\u00fc\u015fm\u0259 v\u0259 s\u00fcrg\u00fcl\u00fc qap\u0131lar. 2022-ci ild\u0259n &#8220;Euromax&#8221; MMC Almaniya \u015firk\u0259tl\u0259rinin \u2013 \u201cKOWA Holzbearbeitung\u201d GmbH v\u0259 \u201cD\u00f6pfner Betriebs\u201d GmbH-nin taxta-al\u00fcminium p\u0259nc\u0259r\u0259 v\u0259 qap\u0131lar\u0131n\u0131n Az\u0259rbaycanda sat\u0131\u015f\u0131 \u00fczr\u0259 ekskl\u00fcziv &hellip;<\/p>\n<p class=\"read-more\"> <a class=\"\" href=\"https:\/\/euromax.com.az\/?page_id=107\"> <span class=\"screen-reader-text\">Bizim haqq\u0131m\u0131zda<\/span> Read More &raquo;<\/a><\/p>\n","protected":false},"author":1,"featured_media":0,"parent":0,"menu_order":0,"comment_status":"closed","ping_status":"closed","template":"","meta":{"om_disable_all_campaigns":false,"_monsterinsights_skip_tracking":false,"_monsterinsights_sitenote_active":false,"_monsterinsights_sitenote_note":"","_monsterinsights_sitenote_category":0,"site-sidebar-layout":"no-sidebar","site-content-layout":"page-builder","ast-global-header-display":"","ast-main-header-display":"","ast-hfb-above-header-display":"","ast-hfb-below-header-display":"","ast-hfb-mobile-header-display":"","site-post-title":"disabled","ast-breadcrumbs-content":"","ast-featured-img":"disabled","footer-sml-layout":"","theme-transparent-header-meta":"","adv-header-id-meta":"","stick-header-meta":"","header-above-stick-meta":"","header-main-stick-meta":"","header-below-stick-meta":"","footnotes":""},"class_list":["post-107","page","type-page","status-publish","hentry"],"aioseo_notices":[],"_links":{"self":[{"href":"https:\/\/euromax.com.az\/index.php?rest_route=\/wp\/v2\/pages\/107"}],"collection":[{"href":"https:\/\/euromax.com.az\/index.php?rest_route=\/wp\/v2\/pages"}],"about":[{"href":"https:\/\/euromax.com.az\/index.php?rest_route=\/wp\/v2\/types\/page"}],"author":[{"embeddable":true,"href":"https:\/\/euromax.com.az\/index.php?rest_route=\/wp\/v2\/users\/1"}],"replies":[{"embeddable":true,"href":"https:\/\/euromax.com.az\/index.php?rest_route=%2Fwp%2Fv2%2Fcomments&post=107"}],"version-history":[{"count":216,"href":"https:\/\/euromax.com.az\/index.php?rest_route=\/wp\/v2\/pages\/107\/revisions"}],"predecessor-version":[{"id":1663,"href":"https:\/\/euromax.com.az\/index.php?rest_route=\/wp\/v2\/pages\/107\/revisions\/1663"}],"wp:attachment":[{"href":"https:\/\/euromax.com.az\/index.php?rest_route=%2Fwp%2Fv2%2Fmedia&parent=107"}],"curies":[{"name":"wp","href":"https:\/\/api.w.org\/{rel}","templated":true}]}}